











{"id":1691,"date":"2019-11-21T18:00:45","date_gmt":"2019-11-21T17:00:45","guid":{"rendered":"https:\/\/www.exterstahl.com\/?page_id=1691"},"modified":"2019-11-22T12:59:14","modified_gmt":"2019-11-22T11:59:14","slug":"domu","status":"publish","type":"page","link":"https:\/\/www.exterstahl.com\/cs\/","title":{"rendered":"Dom\u016f"},"content":{"rendered":"<div><ss3-force-full-width data-overflow-x=\"body\" data-horizontal-selector=\"body\"><div class=\"n2-section-smartslider fitvidsignore \" data-ssid=\"1\" tabindex=\"0\" role=\"region\" aria-label=\"Slider\"><div id=\"n2-ss-1-align\" class=\"n2-ss-align\"><div class=\"n2-padding\"><div id=\"n2-ss-1\" data-creator=\"Smart Slider 3\" data-responsive=\"fullwidth\" class=\"n2-ss-slider n2-ow n2-has-hover n2notransition  \">\n\n\n\n\n\n<div class=\"n2-ss-slider-wrapper-outside\" style=\"grid-template-rows:1fr auto\"><div class=\"n2-ss-slider-wrapper-inside\">\n        <div class=\"n2-ss-slider-1 n2_ss__touch_element n2-ow\">\n            <div class=\"n2-ss-slider-2 n2-ow\">\n                                                <div class=\"n2-ss-slider-3 n2-ow\">\n\n                    <div class=\"n2-ss-slide-backgrounds n2-ow-all\"><div class=\"n2-ss-slide-background\" data-public-id=\"1\" data-mode=\"fill\"><div class=\"n2-ss-slide-background-image\" data-blur=\"0\" data-opacity=\"100\" data-x=\"50\" data-y=\"50\" data-alt=\"\" data-title=\"\"><picture class=\"skip-lazy\" data-skip-lazy=\"1\"><img decoding=\"async\" src=\"\/\/www.exterstahl.com\/wp\/wp-content\/uploads\/s1-exterstahl-1765.jpg\" alt=\"\" title=\"\" loading=\"lazy\" class=\"skip-lazy\" data-skip-lazy=\"1\"\/><\/picture><\/div><div data-color=\"RGBA(255,255,255,0)\" style=\"background-color: RGBA(255,255,255,0);\" class=\"n2-ss-slide-background-color\"><\/div><\/div><div class=\"n2-ss-slide-background\" data-public-id=\"2\" data-mode=\"fill\" aria-hidden=\"true\"><div class=\"n2-ss-slide-background-image\" data-blur=\"0\" data-opacity=\"100\" data-x=\"50\" data-y=\"50\" data-alt=\"\" data-title=\"\"><picture class=\"skip-lazy\" data-skip-lazy=\"1\"><img decoding=\"async\" src=\"\/\/www.exterstahl.com\/wp\/wp-content\/uploads\/s3-exterstahl-3013.jpg\" alt=\"\" title=\"\" loading=\"lazy\" class=\"skip-lazy\" data-skip-lazy=\"1\"\/><\/picture><\/div><div data-color=\"RGBA(255,255,255,0)\" style=\"background-color: RGBA(255,255,255,0);\" class=\"n2-ss-slide-background-color\"><\/div><\/div><div class=\"n2-ss-slide-background\" data-public-id=\"3\" data-mode=\"fill\" aria-hidden=\"true\"><div class=\"n2-ss-slide-background-image\" data-blur=\"0\" data-opacity=\"100\" data-x=\"50\" data-y=\"50\" data-alt=\"\" data-title=\"\"><picture class=\"skip-lazy\" data-skip-lazy=\"1\"><img decoding=\"async\" src=\"\/\/www.exterstahl.com\/wp\/wp-content\/uploads\/s2-exterstahl-Logistikzentrum.jpg\" alt=\"\" title=\"\" loading=\"lazy\" class=\"skip-lazy\" data-skip-lazy=\"1\"\/><\/picture><\/div><div data-color=\"RGBA(255,255,255,0)\" style=\"background-color: RGBA(255,255,255,0);\" class=\"n2-ss-slide-background-color\"><\/div><\/div><\/div>                    <div class=\"n2-ss-slider-4 n2-ow\">\n                        <svg xmlns=\"http:\/\/www.w3.org\/2000\/svg\" viewBox=\"0 0 1400 500\" data-related-device=\"desktopPortrait\" class=\"n2-ow n2-ss-preserve-size n2-ss-preserve-size--slider n2-ss-slide-limiter\"><\/svg><div data-first=\"1\" data-slide-duration=\"0\" data-id=\"1\" data-slide-public-id=\"1\" data-title=\"Slide One\" class=\"n2-ss-slide n2-ow  n2-ss-slide-1\"><div role=\"note\" class=\"n2-ss-slide--focus\" tabindex=\"-1\">Slide One<\/div><div class=\"n2-ss-layers-container n2-ss-slide-limiter n2-ow\"><div class=\"n2-ss-layer n2-ow n-uc-CWGTnEbosnse\" data-sstype=\"slide\" data-pm=\"default\"><\/div><\/div><img decoding=\"async\" loading=\"lazy\" class=\"n2-ss-slide-thumbnail skip-lazy\" data-skip-lazy=\"1\" src=\"\/\/www.exterstahl.com\/wp\/wp-content\/uploads\/s1-exterstahl-1765.jpg\" alt=\"Slide One\"\/><\/div><div data-slide-duration=\"0\" data-id=\"4\" data-slide-public-id=\"2\" aria-hidden=\"true\" data-title=\"Slide One - copy\" class=\"n2-ss-slide n2-ow  n2-ss-slide-4\"><div role=\"note\" class=\"n2-ss-slide--focus\" tabindex=\"-1\">Slide One &#8211; copy<\/div><div class=\"n2-ss-layers-container n2-ss-slide-limiter n2-ow\"><div class=\"n2-ss-layer n2-ow n-uc-GPDU0kQnZm3G\" data-sstype=\"slide\" data-pm=\"default\"><\/div><\/div><img decoding=\"async\" loading=\"lazy\" class=\"n2-ss-slide-thumbnail skip-lazy\" data-skip-lazy=\"1\" src=\"\/\/www.exterstahl.com\/wp\/wp-content\/uploads\/s3-exterstahl-3013.jpg\" alt=\"Slide One - copy\"\/><\/div><div data-slide-duration=\"0\" data-id=\"5\" data-slide-public-id=\"3\" aria-hidden=\"true\" data-title=\"Slide One - copy - copy\" class=\"n2-ss-slide n2-ow  n2-ss-slide-5\"><div role=\"note\" class=\"n2-ss-slide--focus\" tabindex=\"-1\">Slide One &#8211; copy &#8211; copy<\/div><div class=\"n2-ss-layers-container n2-ss-slide-limiter n2-ow\"><div class=\"n2-ss-layer n2-ow n-uc-KXN8oQI0aoRW\" data-sstype=\"slide\" data-pm=\"default\"><\/div><\/div><img decoding=\"async\" loading=\"lazy\" class=\"n2-ss-slide-thumbnail skip-lazy\" data-skip-lazy=\"1\" src=\"\/\/www.exterstahl.com\/wp\/wp-content\/uploads\/s2-exterstahl-Logistikzentrum.jpg\" alt=\"Slide One - copy - copy\"\/><\/div>                    <\/div>\n\n                                    <\/div>\n            <\/div>\n        <\/div>\n        <div class=\"n2-ss-slider-controls n2-ss-slider-controls-absolute-left-center\"><div style=\"--widget-offset:15px;\" class=\"n2-ss-widget n2-ss-widget-display-hover nextend-arrow n2-ow-all nextend-arrow-previous  nextend-arrow-animated-fade\" id=\"n2-ss-1-arrow-previous\" role=\"button\" aria-label=\"previous arrow\" tabindex=\"0\"><img loading=\"lazy\" decoding=\"async\" width=\"32\" height=\"32\" class=\"skip-lazy\" data-skip-lazy=\"1\" src=\"data:image\/svg+xml;base64,PHN2ZyB3aWR0aD0iMzIiIGhlaWdodD0iMzIiIHZpZXdCb3g9IjAgMCAzMiAzMiIgeG1sbnM9Imh0dHA6Ly93d3cudzMub3JnLzIwMDAvc3ZnIj4KICAgIDxwYXRoIGQ9Ik0xMS40MzMgMTUuOTkyTDIyLjY5IDUuNzEyYy4zOTMtLjM5LjM5My0xLjAzIDAtMS40Mi0uMzkzLS4zOS0xLjAzLS4zOS0xLjQyMyAwbC0xMS45OCAxMC45NGMtLjIxLjIxLS4zLjQ5LS4yODUuNzYtLjAxNS4yOC4wNzUuNTYuMjg0Ljc3bDExLjk4IDEwLjk0Yy4zOTMuMzkgMS4wMy4zOSAxLjQyNCAwIC4zOTMtLjQuMzkzLTEuMDMgMC0xLjQybC0xMS4yNTctMTAuMjkiCiAgICAgICAgICBmaWxsPSIjZmZmZmZmIiBvcGFjaXR5PSIwLjgiIGZpbGwtcnVsZT0iZXZlbm9kZCIvPgo8L3N2Zz4=\" alt=\"previous arrow\"\/><\/div><\/div><div class=\"n2-ss-slider-controls n2-ss-slider-controls-absolute-right-center\"><div style=\"--widget-offset:15px;\" class=\"n2-ss-widget n2-ss-widget-display-hover nextend-arrow n2-ow-all nextend-arrow-next  nextend-arrow-animated-fade\" id=\"n2-ss-1-arrow-next\" role=\"button\" aria-label=\"next arrow\" tabindex=\"0\"><img loading=\"lazy\" decoding=\"async\" width=\"32\" height=\"32\" class=\"skip-lazy\" data-skip-lazy=\"1\" src=\"data:image\/svg+xml;base64,PHN2ZyB3aWR0aD0iMzIiIGhlaWdodD0iMzIiIHZpZXdCb3g9IjAgMCAzMiAzMiIgeG1sbnM9Imh0dHA6Ly93d3cudzMub3JnLzIwMDAvc3ZnIj4KICAgIDxwYXRoIGQ9Ik0xMC43MjIgNC4yOTNjLS4zOTQtLjM5LTEuMDMyLS4zOS0xLjQyNyAwLS4zOTMuMzktLjM5MyAxLjAzIDAgMS40MmwxMS4yODMgMTAuMjgtMTEuMjgzIDEwLjI5Yy0uMzkzLjM5LS4zOTMgMS4wMiAwIDEuNDIuMzk1LjM5IDEuMDMzLjM5IDEuNDI3IDBsMTIuMDA3LTEwLjk0Yy4yMS0uMjEuMy0uNDkuMjg0LS43Ny4wMTQtLjI3LS4wNzYtLjU1LS4yODYtLjc2TDEwLjcyIDQuMjkzeiIKICAgICAgICAgIGZpbGw9IiNmZmZmZmYiIG9wYWNpdHk9IjAuOCIgZmlsbC1ydWxlPSJldmVub2RkIi8+Cjwvc3ZnPg==\" alt=\"next arrow\"\/><\/div><\/div><\/div><div class=\"n2-ss-slider-controls n2-ss-slider-controls-below\"><div style=\"--widget-offset:10px;\" class=\"n2-ss-widget n2-ss-control-bullet n2-ow-all n2-ss-control-bullet-horizontal\"><div class=\" nextend-bullet-bar n2-bar-justify-content-center\" role=\"group\" aria-label=\"Choose slide to display.\"><div class=\"n2-bullet n2-style-e2bccc916e8b1befd9d27b96e2fde528-dot \" style=\"visibility:hidden;\"><\/div><\/div><\/div><\/div><\/div><\/div><ss3-loader><\/ss3-loader><\/div><\/div><div class=\"n2_clear\"><\/div><\/div><\/ss3-force-full-width><\/div>\n\n\n<div style=\"height:20px\" aria-hidden=\"true\" class=\"wp-block-spacer\"><\/div>\n\n\n\n<h1 class=\"wp-block-heading\"><strong>V\u00edt\u00e1 V\u00e1s spole\u010dnost Exterstahl \u2013 V\u00e1\u0161 spolehliv\u00fd dodavatel ocelov\u00fdch plech\u016f<\/strong><\/h1>\n\n\n\n<p>Na\u0161e spole\u010dnost je jedn\u00edm z&nbsp;nej\u00fasp\u011b\u0161n\u011bj\u0161\u00edch dodavatel\u016f ocelov\u00fdch plech\u016f ve st\u0159edn\u00ed a jihov\u00fdchodn\u00ed Evrop\u011b, jako\u017e i v\u00fdznamn\u00fdm dodavatelem ocelov\u00fdch v\u00fdrobk\u016f v Rakousku.<\/p>\n\n\n\n<div class=\"wp-block-columns has-3-columns is-layout-flex wp-container-core-columns-is-layout-9d6595d7 wp-block-columns-is-layout-flex\">\n<div class=\"wp-block-column is-layout-flow wp-block-column-is-layout-flow\">\n<figure class=\"wp-block-image\"><a href=\"https:\/\/www.exterstahl.com\/bleche\/exterstahl-relax\/\"><img loading=\"lazy\" decoding=\"async\" width=\"690\" height=\"400\" src=\"https:\/\/www.exterstahl.com\/wp\/wp-content\/uploads\/exterstahl-relax.jpg\" alt=\"\" class=\"wp-image-501\"\/><\/a><\/figure>\n\n\n\n<h2 class=\"wp-block-heading\">Exterstahl Relax<\/h2>\n\n\n\n<p>Plechy optimalizovan\u00e9 pro vysok\u00fd v\u00fdkon automatizovan\u00e9 v\u00fdroby p\u0159i p\u00e1len\u00ed laserem <a href=\"https:\/\/www.exterstahl.com\/cs\/produkty\/exterstahl-relax\/\">\u2026<\/a><strong><a href=\"https:\/\/www.exterstahl.com\/cs\/produkty\/exterstahl-relax\/\">v\u00edce \u2026<\/a><\/strong><\/p>\n<\/div>\n\n\n\n<div class=\"wp-block-column is-layout-flow wp-block-column-is-layout-flow\">\n<figure class=\"wp-block-image\"><a href=\"https:\/\/www.exterstahl.com\/bleche\/bleche-vom-coil-2\/\"><img loading=\"lazy\" decoding=\"async\" width=\"690\" height=\"400\" src=\"https:\/\/www.exterstahl.com\/wp\/wp-content\/uploads\/coils-9650-1.jpg\" alt=\"Coils in der Halle gelagert am Beispiel des Exterstahl Service Center Krems\" class=\"wp-image-477\"\/><\/a><\/figure>\n\n\n\n<h2 class=\"wp-block-heading\"><strong>Svitkov\u00e9 plechy<\/strong><\/h2>\n\n\n\n<p>Tenk\u00e9, st\u0159edn\u00ed i hrub\u00e9 plechy. Plechy za tepla v\u00e1lcovan\u00e9 v\u00a0nejvy\u0161\u0161\u00ed kvalit\u011b <a href=\"https:\/\/www.exterstahl.com\/cs\/produkty\/kvalitni-plechy\/\">\u2026<\/a><strong><a href=\"https:\/\/www.exterstahl.com\/cs\/produkty\/kvalitni-plechy\/\">v\u00edce\u2026<\/a><\/strong><\/p>\n\n\n<\/div>\n\n\n\n<div class=\"wp-block-column is-layout-flow wp-block-column-is-layout-flow\">\n<figure class=\"wp-block-image\"><a href=\"https:\/\/www.exterstahl.com\/bleche\/quartoblech\/\"><img loading=\"lazy\" decoding=\"async\" width=\"690\" height=\"400\" src=\"https:\/\/www.exterstahl.com\/wp\/wp-content\/uploads\/quartobleche-IMG_2622.jpg\" alt=\"\" class=\"wp-image-1277\"\/><\/a><\/figure>\n\n\n\n<h2 class=\"wp-block-heading\"><strong>Kvartoplechy<\/strong><\/h2>\n\n\n\n<p>Pro Va\u0161i pot\u0159ebu V\u00e1m dod\u00e1me ekonomicky nejv\u00fdhodn\u011bj\u0161\u00ed form\u00e1ty <a href=\"https:\/\/www.exterstahl.com\/cs\/produkty\/kvarto-plechy\/\">\u2026<\/a><strong><a href=\"https:\/\/www.exterstahl.com\/cs\/produkty\/kvarto-plechy\/\">v\u00edce\u2026<\/a><\/strong><\/p>\n<\/div>\n<\/div>\n\n\n\n<div class=\"wp-block-coblocks-row coblocks-row-22094218949\" data-columns=\"3\" data-layout=\"33-33-33\"><div class=\"wp-block-coblocks-row__inner has-medium-gutter has-no-padding has-no-margin is-stacked-on-mobile\">\n<div class=\"wp-block-coblocks-column coblocks-column-22094223503\" style=\"width:33.33%\"><div class=\"wp-block-coblocks-column__inner has-no-padding has-no-margin\">\n<figure class=\"wp-block-image\"><a href=\"https:\/\/www.exterstahl.com\/de\/service\/\"><img loading=\"lazy\" decoding=\"async\" width=\"690\" height=\"400\" src=\"https:\/\/www.exterstahl.com\/wp\/wp-content\/uploads\/exterstahl-1371-690x400.jpg\" alt=\"Bleche in der Halle in Krems\" class=\"wp-image-156\"\/><\/a><\/figure>\n\n\n\n<h2 class=\"wp-block-heading\">Service<\/h2>\n\n\n\n<p>Zaru\u010den\u00e9 podm\u00ednky vysok\u00e9 kvality v\u00fdrobk\u016f, od logistiky a\u017e po dlouhodob\u00e9 smlouvy o dod\u00e1vk\u00e1ch. <a href=\"https:\/\/www.exterstahl.com\/cs\/prednosti\/\">\u2026 <\/a><strong><a href=\"https:\/\/www.exterstahl.com\/cs\/prednosti\/\">v\u00edce\u2026<\/a><\/strong><\/p>\n<\/div><\/div>\n\n\n\n<div class=\"wp-block-coblocks-column coblocks-column-22094223525\" style=\"width:33.33%\"><div class=\"wp-block-coblocks-column__inner has-no-padding has-no-margin\">\n<figure class=\"wp-block-image\"><a href=\"https:\/\/www.exterstahl.com\/bleche\/zuschnitte\/\"><img loading=\"lazy\" decoding=\"async\" width=\"690\" height=\"400\" src=\"https:\/\/www.exterstahl.com\/wp\/wp-content\/uploads\/Zuschnitte_3071.jpg\" alt=\"\" class=\"wp-image-1313\"\/><\/a><\/figure>\n\n\n\n<h2 class=\"wp-block-heading\"><strong>P\u0159esn\u00e9 form\u00e1ty<\/strong><\/h2>\n\n\n\n<p>Pro Va\u0161i pot\u0159ebu nab\u00edz\u00edme individu\u00e1ln\u00ed \u00fapravu rozm\u011br\u016f \u2013 p\u00e1len\u00edm kysl\u00edkem, plazmou a tak\u00e9 trysk\u00e1n\u00ed povrchu. <a href=\"https:\/\/www.exterstahl.com\/cs\/produkty\/uprava-materialu\/\">\u2026<\/a><strong><a href=\"https:\/\/www.exterstahl.com\/cs\/produkty\/uprava-materialu\/\"> v\u00edce\u2026<\/a><\/strong><\/p>\n<\/div><\/div>\n\n\n\n<div class=\"wp-block-coblocks-column coblocks-column-22094223548\" style=\"width:33.33%\"><div class=\"wp-block-coblocks-column__inner has-no-padding has-no-margin\">\n<figure class=\"wp-block-image\"><a href=\"https:\/\/www.exterstahl.com\/unternehmen-2\/geschichte-2\/\"><img loading=\"lazy\" decoding=\"async\" width=\"690\" height=\"400\" src=\"https:\/\/www.exterstahl.com\/wp\/wp-content\/uploads\/krems_DSC1957-1.jpg\" alt=\"Exterstahl Service Center in Krems im Donauhafen\" class=\"wp-image-495\"\/><\/a><\/figure>\n\n\n\n<h2 class=\"wp-block-heading\"><strong>Spole\u010dnost<\/strong><\/h2>\n\n\n\n<p>Od roku 1994 garantuje zna\u010dka EXTERSTAHL spolehliv\u00e9 dod\u00e1vky ploch\u00fdch i dlouh\u00fdch ocelov\u00fdch v\u00fdrobk\u016f \u00a0<a href=\"https:\/\/www.exterstahl.com\/cs\/spolecnost\/historie\/\">\u2026 <\/a><strong><a href=\"https:\/\/www.exterstahl.com\/cs\/spolecnost\/historie\/\">v\u00edce\u2026<\/a><\/strong><\/p>\n<\/div><\/div>\n<\/div><\/div>\n\n\n\n<p><\/p>","protected":false},"excerpt":{"rendered":"<p>V\u00edt\u00e1 V\u00e1s spole\u010dnost Exterstahl \u2013 V\u00e1\u0161 spolehliv\u00fd dodavatel ocelov\u00fdch plech\u016f Na\u0161e spole\u010dnost je jedn\u00edm z&nbsp;nej\u00fasp\u011b\u0161n\u011bj\u0161\u00edch dodavatel\u016f ocelov\u00fdch plech\u016f ve st\u0159edn\u00ed a jihov\u00fdchodn\u00ed Evrop\u011b, jako\u017e i v\u00fdznamn\u00fdm dodavatelem ocelov\u00fdch v\u00fdrobk\u016f v Rakousku. Exterstahl Relax Plechy optimalizovan\u00e9 pro vysok\u00fd v\u00fdkon automatizovan\u00e9 v\u00fdroby p\u0159i p\u00e1len\u00ed laserem \u2026v\u00edce \u2026 Svitkov\u00e9 plechy Tenk\u00e9, st\u0159edn\u00ed i hrub\u00e9 plechy. Plechy za tepla [&hellip;]<\/p>\n","protected":false},"author":4,"featured_media":0,"parent":0,"menu_order":8,"comment_status":"closed","ping_status":"closed","template":"","meta":{"_coblocks_attr":"","_coblocks_dimensions":"","_coblocks_responsive_height":"","_coblocks_accordion_ie_support":"","footnotes":""},"class_list":["post-1691","page","type-page","status-publish","hentry"],"_links":{"self":[{"href":"https:\/\/www.exterstahl.com\/cs\/wp-json\/wp\/v2\/pages\/1691","targetHints":{"allow":["GET"]}}],"collection":[{"href":"https:\/\/www.exterstahl.com\/cs\/wp-json\/wp\/v2\/pages"}],"about":[{"href":"https:\/\/www.exterstahl.com\/cs\/wp-json\/wp\/v2\/types\/page"}],"author":[{"embeddable":true,"href":"https:\/\/www.exterstahl.com\/cs\/wp-json\/wp\/v2\/users\/4"}],"replies":[{"embeddable":true,"href":"https:\/\/www.exterstahl.com\/cs\/wp-json\/wp\/v2\/comments?post=1691"}],"version-history":[{"count":3,"href":"https:\/\/www.exterstahl.com\/cs\/wp-json\/wp\/v2\/pages\/1691\/revisions"}],"predecessor-version":[{"id":1740,"href":"https:\/\/www.exterstahl.com\/cs\/wp-json\/wp\/v2\/pages\/1691\/revisions\/1740"}],"wp:attachment":[{"href":"https:\/\/www.exterstahl.com\/cs\/wp-json\/wp\/v2\/media?parent=1691"}],"curies":[{"name":"wp","href":"https:\/\/api.w.org\/{rel}","templated":true}]}}