











{"id":1700,"date":"2019-11-21T18:49:56","date_gmt":"2019-11-21T17:49:56","guid":{"rendered":"https:\/\/www.exterstahl.com\/?page_id=1700"},"modified":"2019-11-21T18:49:57","modified_gmt":"2019-11-21T17:49:57","slug":"umisteni","status":"publish","type":"page","link":"https:\/\/www.exterstahl.com\/cs\/spolecnost\/umisteni\/","title":{"rendered":"Um\u00edst\u011bn\u00ed"},"content":{"rendered":"<h1 class=\"wp-block-heading\"><strong>Zde n\u00e1s naleznete<\/strong><\/h1>\n\n\n\n<h2 class=\"wp-block-heading\">Linz<\/h2>\n\n\n\n<figure class=\"wp-block-image\"><img loading=\"lazy\" decoding=\"async\" width=\"1120\" height=\"528\" src=\"https:\/\/www.exterstahl.com\/wp\/wp-content\/uploads\/Linz_Hauptplatz-1120x528.jpg\" alt=\"\" class=\"wp-image-1193\"\/><\/figure>\n\n\n\n<p><strong>Exterstahl GmbH<\/strong><br \/>Hauptplatz 2 <br \/>A-4020 Linz <br \/>Tel. +43 732 777 500 <br \/>Fax +43 732 775 033 <br \/><a href=\"mailto:&#x73;&#x61;&#x6c;&#x65;&#x73;&#x40;&#x65;&#x78;&#x74;&#x65;&#x72;&#x73;&#x74;&#x61;&#x68;&#x6c;&#x2e;&#x63;&#x6f;&#x6d;\">&#x73;&#x61;&#x6c;&#x65;&#x73;&#x40;<span class=\"oe_displaynone\">null<\/span>&#x65;&#x78;&#x74;&#x65;&#x72;&#x73;&#x74;&#x61;&#x68;&#x6c;&#x2e;&#x63;&#x6f;&#x6d;<\/a><\/p>\n\n\n\n<h2 class=\"wp-block-heading\">Krems<\/h2>\n\n\n\n<figure class=\"wp-block-image\"><a href=\"https:\/\/www.exterstahl.com\/wp\/wp-content\/uploads\/exterstahl-krems.jpg\"><img loading=\"lazy\" decoding=\"async\" width=\"1120\" height=\"605\" src=\"https:\/\/www.exterstahl.com\/wp\/wp-content\/uploads\/Krems_Exterstahl-957b-1120x605.jpg\" alt=\"\" class=\"wp-image-1325\"\/><\/a><\/figure>\n\n\n\n<p>Servisn\u00ed centrum v Kremsu<\/p>\n\n\n\n<p>Servisn\u00ed centrum Krems, vybudovan\u00e9 v\u00a0roce 2003, se nach\u00e1z\u00ed ve m\u011bst\u011b Krems an der Donau, na pr\u016fse\u010d\u00edku cest z\u00a0jihov\u00fdchodn\u00ed do severoz\u00e1padn\u00ed Evropy. Toto na\u0161e p\u016fsobi\u0161t\u011b m\u00e1 prvot\u0159\u00eddn\u00ed trimod\u00e1ln\u00ed p\u0159ipojen\u00ed (voda\/\u017eeleznice\/silnice).<\/p>\n\n\n\n<p><strong>Exterstahl GmbH<\/strong><br \/>Dr. Franz Wilhelm Str. 7 <br \/>A-3500 Krems <br \/>Tel. +43 2732 87 598 <br \/><a href=\"mailto:&#x6b;&#x72;&#x65;&#x6d;&#x73;&#x40;&#x65;&#x78;&#x74;&#x65;&#x72;&#x73;&#x74;&#x61;&#x68;&#x6c;&#x2e;&#x63;&#x6f;&#x6d;\">&#x6b;&#x72;&#x65;&#x6d;&#x73;&#x40;<span class=\"oe_displaynone\">null<\/span>&#x65;&#x78;&#x74;&#x65;&#x72;&#x73;&#x74;&#x61;&#x68;&#x6c;&#x2e;&#x63;&#x6f;&#x6d;<\/a><\/p>\n\n\n\n<h2 class=\"wp-block-heading\">Vara\u017edin<\/h2>\n\n\n\n<figure class=\"wp-block-image\"><a href=\"https:\/\/www.exterstahl.com\/wp\/wp-content\/uploads\/Horex.jpg\"><img loading=\"lazy\" decoding=\"async\" width=\"1120\" height=\"504\" src=\"https:\/\/www.exterstahl.com\/wp\/wp-content\/uploads\/Horex-1120x504.jpg\" alt=\"\" class=\"wp-image-1179\"\/><\/a><\/figure>\n\n\n\n<p>Na\u0161e fili\u00e1lka ve Vara\u017edinu<\/p>\n\n\n\n<p>Vilka Novaka 48 K<br \/>42000 Vara\u017edin<br \/>Chorvatsko <br \/>Tel. +385 42 305 505<br \/>Fax. +385 42 305 501<br \/><a href=\"mailto:&#x6f;&#x66;&#x66;&#x69;&#x63;&#x65;&#x40;&#x68;&#x6f;&#x72;&#x65;&#x78;&#x2e;&#x68;&#x72;\">&#x6f;&#x66;&#x66;&#x69;&#x63;&#x65;&#x40;<span class=\"oe_displaynone\">null<\/span>&#x68;&#x6f;&#x72;&#x65;&#x78;&#x2e;&#x68;&#x72;<\/a><\/p>\n\n\n\n<h2 class=\"wp-block-heading\">Zagreb<\/h2>\n\n\n\n<figure class=\"wp-block-image\"><a href=\"https:\/\/www.exterstahl.com\/wp\/wp-content\/uploads\/horex_by_night-P1010049-noise-sel.jpg\"><img loading=\"lazy\" decoding=\"async\" width=\"1120\" height=\"599\" src=\"https:\/\/www.exterstahl.com\/wp\/wp-content\/uploads\/horex_by_night-P1010049-noise-sel-1120x599.jpg\" alt=\"\" class=\"wp-image-1500\"\/><\/a><\/figure>\n\n\n\n<p><strong>HOREX trade d.o.o.<\/strong><br \/>Josipa Lon\u010dara 6<br \/>10090 Zagreb<br \/>Chorvatsko<\/p>\n\n\n\n<p>Tel. +385 1 3496 411<br \/>Fax. +385 1 3496 996<\/p>\n\n\n\n<p><a href=\"mailto:&#x6f;&#x66;&#x66;&#x69;&#x63;&#x65;&#x40;&#x68;&#x6f;&#x72;&#x65;&#x78;&#x2e;&#x68;&#x72;\">&#x6f;&#x66;&#x66;&#x69;&#x63;&#x65;&#x40;<span class=\"oe_displaynone\">null<\/span>&#x68;&#x6f;&#x72;&#x65;&#x78;&#x2e;&#x68;&#x72;<\/a><\/p>","protected":false},"excerpt":{"rendered":"<p>Zde n\u00e1s naleznete Linz Exterstahl GmbHHauptplatz 2 A-4020 Linz Tel. +43 732 777 500 Fax +43 732 775 033 &#x73;&#x61;&#x6c;&#x65;&#x73;&#x40;null&#x65;&#x78;&#x74;&#x65;&#x72;&#x73;&#x74;&#x61;&#x68;&#x6c;&#x2e;&#x63;&#x6f;&#x6d; Krems Servisn\u00ed centrum v Kremsu Servisn\u00ed centrum Krems, vybudovan\u00e9 v\u00a0roce 2003, se nach\u00e1z\u00ed ve m\u011bst\u011b Krems an der Donau, na pr\u016fse\u010d\u00edku cest z\u00a0jihov\u00fdchodn\u00ed do severoz\u00e1padn\u00ed Evropy. Toto na\u0161e p\u016fsobi\u0161t\u011b m\u00e1 prvot\u0159\u00eddn\u00ed trimod\u00e1ln\u00ed p\u0159ipojen\u00ed (voda\/\u017eeleznice\/silnice). Exterstahl [&hellip;]<\/p>\n","protected":false},"author":4,"featured_media":0,"parent":1693,"menu_order":22,"comment_status":"closed","ping_status":"closed","template":"","meta":{"_coblocks_attr":"","_coblocks_dimensions":"","_coblocks_responsive_height":"","_coblocks_accordion_ie_support":"","footnotes":""},"class_list":["post-1700","page","type-page","status-publish","hentry"],"_links":{"self":[{"href":"https:\/\/www.exterstahl.com\/cs\/wp-json\/wp\/v2\/pages\/1700","targetHints":{"allow":["GET"]}}],"collection":[{"href":"https:\/\/www.exterstahl.com\/cs\/wp-json\/wp\/v2\/pages"}],"about":[{"href":"https:\/\/www.exterstahl.com\/cs\/wp-json\/wp\/v2\/types\/page"}],"author":[{"embeddable":true,"href":"https:\/\/www.exterstahl.com\/cs\/wp-json\/wp\/v2\/users\/4"}],"replies":[{"embeddable":true,"href":"https:\/\/www.exterstahl.com\/cs\/wp-json\/wp\/v2\/comments?post=1700"}],"version-history":[{"count":1,"href":"https:\/\/www.exterstahl.com\/cs\/wp-json\/wp\/v2\/pages\/1700\/revisions"}],"predecessor-version":[{"id":1701,"href":"https:\/\/www.exterstahl.com\/cs\/wp-json\/wp\/v2\/pages\/1700\/revisions\/1701"}],"up":[{"embeddable":true,"href":"https:\/\/www.exterstahl.com\/cs\/wp-json\/wp\/v2\/pages\/1693"}],"wp:attachment":[{"href":"https:\/\/www.exterstahl.com\/cs\/wp-json\/wp\/v2\/media?parent=1700"}],"curies":[{"name":"wp","href":"https:\/\/api.w.org\/{rel}","templated":true}]}}