











{"id":1756,"date":"2019-11-27T12:17:13","date_gmt":"2019-11-27T11:17:13","guid":{"rendered":"https:\/\/www.exterstahl.com\/?page_id=1756"},"modified":"2020-03-18T08:46:36","modified_gmt":"2020-03-18T07:46:36","slug":"impressum","status":"publish","type":"page","link":"https:\/\/www.exterstahl.com\/cs\/kontakt\/impressum\/","title":{"rendered":"Impressum"},"content":{"rendered":"<h1>Impressum<\/h1>\n<p>EXTERSTAHL GmbH<br \/>\nHauptplatz 2<br \/>\n4020 Linz, \u00d6sterreich<br \/>\nTel.: +43 \/ 732 \/ 777 500<br \/>\nFax: +43 \/ 732 \/ 775 033<br \/>\nE-mail: <a href=\"mailto:&#x73;&#x61;&#x6c;&#x65;&#x73;&#x40;&#x65;&#x78;&#x74;&#x65;&#x72;&#x73;&#x74;&#x61;&#x68;&#x6c;&#x2e;&#x63;&#x6f;&#x6d;\">&#x73;&#x61;&#x6c;&#x65;&#x73;&#x40;<span class=\"oe_displaynone\">null<\/span>&#x65;&#x78;&#x74;&#x65;&#x72;&#x73;&#x74;&#x61;&#x68;&#x6c;&#x2e;&#x63;&#x6f;&#x6d;<\/a><\/p>\n<p>Jednatel: Wolfgang Schepe<br \/>\nFirmenbuchnummer: FN 330133s<br \/>\nFirmenbuch-Gericht: Landes-als Handelsgericht Linz<br \/>\nUID-Nummer: ATU65084277<\/p>\n<p><strong>Ve\u0161ker\u00e1 pr\u00e1va vyhrazena:<\/strong><br \/>\ntexty, sn\u00edmky, grafika, loga atd., uveden\u00e9 na webov\u00e9 str\u00e1nce Exterstahl nelze m\u011bnit nebo kop\u00edrovat pro komer\u010dn\u00ed \u00fa\u010dely. Rovn\u011b\u017e si vyhrazujeme pr\u00e1vo bez p\u0159edchoz\u00edho upozorn\u011bn\u00ed aktualizovat \u010di m\u011bnit informace, uveden\u00e9 na t\u00e9to webov\u00e9 str\u00e1nce.<\/p>\n<p><strong>Bez z\u00e1ruky:<\/strong><br \/>\nWebov\u00e1 str\u00e1nky byla p\u0159ipravena s&nbsp;nejv\u011bt\u0161\u00ed pe\u010dlivost\u00ed, nicm\u00e9n\u011b spole\u010dnost Exterstahl nem\u016f\u017ee ru\u010dit za jejich bezchybnost, aktu\u00e1lnost \u010di \u00faplnost.<\/p>\n<p><b>Haftungshinweis: <\/b><br \/>\nP\u0159esto, \u017ee jsme extern\u00ed odkazy podrobili pe\u010dliv\u00e9 obsahov\u00e9 kontrole, nem\u016f\u017eeme p\u0159evz\u00edt z\u00e1ruku za jejich obsah. Za obsah odkaz\u016f propojen\u00fdch stran zodpov\u00eddaj\u00ed v\u00fdhradn\u011b jejich provozovatel\u00e9.<\/p>\n<p>Firma Exterstahl odm\u00edt\u00e1 jakoukoli z\u00e1ruku za bezprost\u0159edn\u00ed, konkr\u00e9tn\u00ed nebo n\u00e1sledn\u00e9 \u0161kody, jako\u017e i \u0161kody jin\u00e9 povahy, kter\u00e9 vznikly z&nbsp;jak\u00fdchkoli d\u016fvod\u016f ve spojitosti s&nbsp;nep\u0159\u00edm\u00fdm nebo p\u0159\u00edm\u00fdm u\u017e\u00edv\u00e1n\u00edm informac\u00ed, uveden\u00fdch na t\u011bchto webov\u00fdch str\u00e1nk\u00e1ch.<\/p>\n<p><strong>E-Mailov\u00e9 spojen\u00ed: <\/strong><br \/>\nS poukazem na z\u00e1kon o elektronick\u00e9 komunikaci (E-Commerce-Gesetz &#8211; ECG) upozor\u0148ujeme na to, \u017ee na n\u00e1m zaslan\u00e9 emaily reagujeme pouze v&nbsp;b\u011b\u017en\u00e9 pracovn\u00ed dob\u011b, kdy jsou tak\u00e9 n\u00e1sledn\u011b zodpov\u00edd\u00e1ny.<\/p>\n\n\n<h3 class=\"wp-block-heading\">V\u0160EOBECN\u00c9 PRODEJN\u00cd A DODAC\u00cd PODM\u00cdNKY<\/h3>\n\n\n\n<div class=\"wp-block-file\"><a href=\"https:\/\/www.exterstahl.com\/wp\/wp-content\/uploads\/AVLB_cz-2017.pdf\">AVLB_cz-2017<\/a><a href=\"https:\/\/www.exterstahl.com\/wp\/wp-content\/uploads\/AVLB_cz-2017.pdf\" class=\"wp-block-file__button\" download>Herunterladen<\/a><\/div>","protected":false},"excerpt":{"rendered":"<p>Impressum EXTERSTAHL GmbH Hauptplatz 2 4020 Linz, \u00d6sterreich Tel.: +43 \/ 732 \/ 777 500 Fax: +43 \/ 732 \/ 775 033 E-mail: &#x73;&#x61;&#x6c;&#x65;&#x73;&#x40;null&#x65;&#x78;&#x74;&#x65;&#x72;&#x73;&#x74;&#x61;&#x68;&#x6c;&#x2e;&#x63;&#x6f;&#x6d; Jednatel: Wolfgang Schepe Firmenbuchnummer: FN 330133s Firmenbuch-Gericht: Landes-als Handelsgericht Linz UID-Nummer: ATU65084277 Ve\u0161ker\u00e1 pr\u00e1va vyhrazena: texty, sn\u00edmky, grafika, loga atd., uveden\u00e9 na webov\u00e9 str\u00e1nce Exterstahl nelze m\u011bnit nebo kop\u00edrovat pro komer\u010dn\u00ed [&hellip;]<\/p>\n","protected":false},"author":4,"featured_media":0,"parent":1754,"menu_order":80,"comment_status":"closed","ping_status":"closed","template":"","meta":{"_coblocks_attr":"","_coblocks_dimensions":"","_coblocks_responsive_height":"","_coblocks_accordion_ie_support":"","footnotes":""},"class_list":["post-1756","page","type-page","status-publish","hentry"],"_links":{"self":[{"href":"https:\/\/www.exterstahl.com\/cs\/wp-json\/wp\/v2\/pages\/1756","targetHints":{"allow":["GET"]}}],"collection":[{"href":"https:\/\/www.exterstahl.com\/cs\/wp-json\/wp\/v2\/pages"}],"about":[{"href":"https:\/\/www.exterstahl.com\/cs\/wp-json\/wp\/v2\/types\/page"}],"author":[{"embeddable":true,"href":"https:\/\/www.exterstahl.com\/cs\/wp-json\/wp\/v2\/users\/4"}],"replies":[{"embeddable":true,"href":"https:\/\/www.exterstahl.com\/cs\/wp-json\/wp\/v2\/comments?post=1756"}],"version-history":[{"count":3,"href":"https:\/\/www.exterstahl.com\/cs\/wp-json\/wp\/v2\/pages\/1756\/revisions"}],"predecessor-version":[{"id":1789,"href":"https:\/\/www.exterstahl.com\/cs\/wp-json\/wp\/v2\/pages\/1756\/revisions\/1789"}],"up":[{"embeddable":true,"href":"https:\/\/www.exterstahl.com\/cs\/wp-json\/wp\/v2\/pages\/1754"}],"wp:attachment":[{"href":"https:\/\/www.exterstahl.com\/cs\/wp-json\/wp\/v2\/media?parent=1756"}],"curies":[{"name":"wp","href":"https:\/\/api.w.org\/{rel}","templated":true}]}}