











{"id":108,"date":"2018-12-10T14:33:43","date_gmt":"2018-12-10T13:33:43","guid":{"rendered":"https:\/\/kd1611032-002-rur-onl.kds1.rundrweb.com\/wp\/?page_id=108"},"modified":"2019-03-20T13:32:31","modified_gmt":"2019-03-20T12:32:31","slug":"quartoblech","status":"publish","type":"page","link":"https:\/\/www.exterstahl.com\/de\/bleche\/quartoblech\/","title":{"rendered":"Quartoblech"},"content":{"rendered":"<h1 class=\"wp-block-heading\">Quartoblech<\/h1>\n\n\n\n<p>Wir liefern Ihnen die f\u00fcr ihre Fertigung wirtschaftlichste Formatl\u00f6sung.<\/p>\n\n\n\n<h2 class=\"wp-block-heading\">Lieferm\u00f6glichkeiten<\/h2>\n\n\n\n<table class=\"wp-block-table\"><tbody><tr><td>Dickenbereich<\/td><td>4-250 mm<\/td><\/tr><tr><td>max. Breite<\/td><td>3500 mm (*) <\/td><\/tr><tr><td>min. Breite<\/td><td>1500 mm<\/td><\/tr><tr><td>max. L\u00e4nge<\/td><td>14.000 mm<\/td><\/tr><tr><td>min. L\u00e4nge<\/td><td>3000 mm<\/td><\/tr><tr><td>Ultraschallpr\u00fcfung S1\/E1 \u2013 S4\/4<\/td><td>bei Bedarf<\/td><\/tr><\/tbody><\/table>\n\n\n\n<p>(*) Auf Anfrage andere Breiten m\u00f6glich<\/p>\n\n\n\n<h3 class=\"wp-block-heading\">Unlegierte Baust\u00e4hle<\/h3>\n\n\n\n<p>G\u00fctenbereich S235 \u2013 S355<br \/>Zus\u00e4tzliche G\u00fcten jederzeit auf Anfrage<\/p>\n\n\n\n<h3 class=\"wp-block-heading\">Flacherzeugnisse aus Druckbeh\u00e4lterst\u00e4hlen<\/h3>\n\n\n\n<p>G\u00fctenbereich P235 \u2013 P355<br \/>16Mo3<br \/>Zus\u00e4tzliche G\u00fcten jederzeit auf Anfrage<\/p>\n\n\n\n<h3 class=\"wp-block-heading\">G\u00fcten f\u00fcr den Schiffbau<\/h3>\n\n\n\n<p>G\u00fctenbereich Gr.A, EH36, DH36<\/p>","protected":false},"excerpt":{"rendered":"<p>Quartoblech Wir liefern Ihnen die f\u00fcr ihre Fertigung wirtschaftlichste Formatl\u00f6sung. Lieferm\u00f6glichkeiten Dickenbereich 4-250 mm max. Breite 3500 mm (*) min. Breite 1500 mm max. L\u00e4nge 14.000 mm min. L\u00e4nge 3000 mm Ultraschallpr\u00fcfung S1\/E1 \u2013 S4\/4 bei Bedarf (*) Auf Anfrage andere Breiten m\u00f6glich Unlegierte Baust\u00e4hle G\u00fctenbereich S235 \u2013 S355Zus\u00e4tzliche G\u00fcten jederzeit auf Anfrage Flacherzeugnisse aus [&hellip;]<\/p>\n","protected":false},"author":4,"featured_media":0,"parent":27,"menu_order":35,"comment_status":"closed","ping_status":"closed","template":"","meta":{"_coblocks_attr":"","_coblocks_dimensions":"","_coblocks_responsive_height":"","_coblocks_accordion_ie_support":"","footnotes":""},"class_list":["post-108","page","type-page","status-publish","hentry"],"_links":{"self":[{"href":"https:\/\/www.exterstahl.com\/de\/wp-json\/wp\/v2\/pages\/108","targetHints":{"allow":["GET"]}}],"collection":[{"href":"https:\/\/www.exterstahl.com\/de\/wp-json\/wp\/v2\/pages"}],"about":[{"href":"https:\/\/www.exterstahl.com\/de\/wp-json\/wp\/v2\/types\/page"}],"author":[{"embeddable":true,"href":"https:\/\/www.exterstahl.com\/de\/wp-json\/wp\/v2\/users\/4"}],"replies":[{"embeddable":true,"href":"https:\/\/www.exterstahl.com\/de\/wp-json\/wp\/v2\/comments?post=108"}],"version-history":[{"count":10,"href":"https:\/\/www.exterstahl.com\/de\/wp-json\/wp\/v2\/pages\/108\/revisions"}],"predecessor-version":[{"id":1143,"href":"https:\/\/www.exterstahl.com\/de\/wp-json\/wp\/v2\/pages\/108\/revisions\/1143"}],"up":[{"embeddable":true,"href":"https:\/\/www.exterstahl.com\/de\/wp-json\/wp\/v2\/pages\/27"}],"wp:attachment":[{"href":"https:\/\/www.exterstahl.com\/de\/wp-json\/wp\/v2\/media?parent=108"}],"curies":[{"name":"wp","href":"https:\/\/api.w.org\/{rel}","templated":true}]}}