











{"id":137,"date":"2018-12-12T18:33:34","date_gmt":"2018-12-12T17:33:34","guid":{"rendered":"https:\/\/kd1611032-002-rur-onl.kds1.rundrweb.com\/wp\/?page_id=137"},"modified":"2020-03-18T08:43:01","modified_gmt":"2020-03-18T07:43:01","slug":"impressum","status":"publish","type":"page","link":"https:\/\/www.exterstahl.com\/de\/kontakt\/impressum\/","title":{"rendered":"Impressum"},"content":{"rendered":"<h1>Impressum<\/h1>\n<p>EXTERSTAHL GmbH <br \/>\nHauptplatz 2 <br \/>\n4020 Linz, \u00d6sterreich <br \/>\nTel.: +43 \/ 732 \/ 777 500 <br \/>\nFax: +43 \/ 732 \/ 775 033 <br \/>\nE-mail: <a href=\"mailto:&#x73;&#x61;&#x6c;&#x65;&#x73;&#x40;&#x65;&#x78;&#x74;&#x65;&#x72;&#x73;&#x74;&#x61;&#x68;&#x6c;&#x2e;&#x63;&#x6f;&#x6d;\">&#x73;&#x61;&#x6c;&#x65;&#x73;&#x40;<span class=\"oe_displaynone\">null<\/span>&#x65;&#x78;&#x74;&#x65;&#x72;&#x73;&#x74;&#x61;&#x68;&#x6c;&#x2e;&#x63;&#x6f;&#x6d;<\/a> <\/p>\n<p>Gesch\u00e4ftsf\u00fchrung: Wolfgang Schepe <br \/>\nFirmenbuchnummer: FN 330133s <br \/>\nFirmenbuch-Gericht: Landes-als Handelsgericht Linz <br \/>\nUID-Nummer: ATU65084277 <\/p>\n<p>\n<b>Alle Rechte vorbehalten:<\/b> <br \/>\nDie auf der Exterstahl Website bereitgestellten Texte, Bilder, Grafiken, Logos, usw. d\u00fcrfen nicht ver\u00e4ndert oder f\u00fcr Handelszwecke kopiert werden. Wir behalten uns auch vor, die Informationen dieser Website jederzeit ohne vorherige Ank\u00fcndigung zu aktualisieren oder zu \u00e4ndern. <\/p>\n<p><b>Keine Garantie:<\/b> <br \/>\nDie Website wurde mit gr\u00f6\u00dfter Sorgfalt zusammengestellt, aber die Firma Exterstahl kann f\u00fcr Fehlerfreiheit, Aktualit\u00e4t und Vollst\u00e4ndigkeit nicht garantieren. <\/p>\n<p><b>Haftungshinweis: <\/b> <br \/>\nTrotz sorgf\u00e4ltiger inhaltlicher Kontrolle \u00fcbernehmen wir keine Haftung f\u00fcr die Inhalte externer Links. F\u00fcr den Inhalt der verlinkten Seiten sind ausschlie\u00dflich deren Betreiber verantwortlich. <\/p>\n<p>Die Firma Exterstahl lehnt jegliche Haftung f\u00fcr unmittelbare, konkrete oder Folgesch\u00e4den sowie sonstige Sch\u00e4den jeglicher Art, die aus welchem Grund auch immer im Zusammenhang mit dem indirekten oder direkten Gebrauch der auf der Website bereitgestellten Informationen entstanden sind, ab. <\/p>\n<p><b>E-Mails: <\/b> <br \/>\nIm Einklang mit dem E-Commerce-Gesetz (ECG) machen wir darauf aufmerksam, dass an uns gesendete E-Mails nur zu den \u00fcblichen Gesch\u00e4fts\u00f6ffnungszeiten abgerufen werden und dann gegebenenfalls beantwortet werden.<\/p>\n\n\n<h3 class=\"wp-block-heading\">ALVB<\/h3>\n\n\n\n<div class=\"wp-block-file\"><a href=\"https:\/\/www.exterstahl.com\/wp\/wp-content\/uploads\/AVLB_2017.pdf\">AVLB_2017<\/a><a href=\"https:\/\/www.exterstahl.com\/wp\/wp-content\/uploads\/AVLB_2017.pdf\" class=\"wp-block-file__button\" download>Herunterladen<\/a><\/div>","protected":false},"excerpt":{"rendered":"<p>Impressum EXTERSTAHL GmbH Hauptplatz 2 4020 Linz, \u00d6sterreich Tel.: +43 \/ 732 \/ 777 500 Fax: +43 \/ 732 \/ 775 033 E-mail: &#x73;&#x61;&#x6c;&#x65;&#x73;&#x40;null&#x65;&#x78;&#x74;&#x65;&#x72;&#x73;&#x74;&#x61;&#x68;&#x6c;&#x2e;&#x63;&#x6f;&#x6d; Gesch\u00e4ftsf\u00fchrung: Wolfgang Schepe Firmenbuchnummer: FN 330133s Firmenbuch-Gericht: Landes-als Handelsgericht Linz UID-Nummer: ATU65084277 Alle Rechte vorbehalten: Die auf der Exterstahl Website bereitgestellten Texte, Bilder, Grafiken, Logos, usw. d\u00fcrfen nicht ver\u00e4ndert oder f\u00fcr [&hellip;]<\/p>\n","protected":false},"author":4,"featured_media":0,"parent":9,"menu_order":77,"comment_status":"closed","ping_status":"closed","template":"","meta":{"_coblocks_attr":"","_coblocks_dimensions":"","_coblocks_responsive_height":"","_coblocks_accordion_ie_support":"","footnotes":""},"class_list":["post-137","page","type-page","status-publish","hentry"],"_links":{"self":[{"href":"https:\/\/www.exterstahl.com\/de\/wp-json\/wp\/v2\/pages\/137","targetHints":{"allow":["GET"]}}],"collection":[{"href":"https:\/\/www.exterstahl.com\/de\/wp-json\/wp\/v2\/pages"}],"about":[{"href":"https:\/\/www.exterstahl.com\/de\/wp-json\/wp\/v2\/types\/page"}],"author":[{"embeddable":true,"href":"https:\/\/www.exterstahl.com\/de\/wp-json\/wp\/v2\/users\/4"}],"replies":[{"embeddable":true,"href":"https:\/\/www.exterstahl.com\/de\/wp-json\/wp\/v2\/comments?post=137"}],"version-history":[{"count":3,"href":"https:\/\/www.exterstahl.com\/de\/wp-json\/wp\/v2\/pages\/137\/revisions"}],"predecessor-version":[{"id":1788,"href":"https:\/\/www.exterstahl.com\/de\/wp-json\/wp\/v2\/pages\/137\/revisions\/1788"}],"up":[{"embeddable":true,"href":"https:\/\/www.exterstahl.com\/de\/wp-json\/wp\/v2\/pages\/9"}],"wp:attachment":[{"href":"https:\/\/www.exterstahl.com\/de\/wp-json\/wp\/v2\/media?parent=137"}],"curies":[{"name":"wp","href":"https:\/\/api.w.org\/{rel}","templated":true}]}}