











{"id":206,"date":"2018-12-19T19:23:41","date_gmt":"2018-12-19T18:23:41","guid":{"rendered":"https:\/\/kd1611032-002-rur-onl.kds1.rundrweb.com\/wp\/?page_id=206"},"modified":"2025-11-14T15:04:44","modified_gmt":"2025-11-14T14:04:44","slug":"jobs-exterstahl-2","status":"publish","type":"page","link":"https:\/\/www.exterstahl.com\/de\/jobs-exterstahl-2\/","title":{"rendered":"Jobs"},"content":{"rendered":"<h1 class=\"wp-block-heading\">Wir suchen Mitarbeiter<\/h1>\n\n\n\n<div style=\"height:20px\" aria-hidden=\"true\" class=\"wp-block-spacer\"><\/div>\n\n\n<figure class=\"wp-block-image size-large is-resized\"><img loading=\"lazy\" decoding=\"async\" width=\"1000\" height=\"167\" class=\"wp-image-1846\" style=\"width: 1000px;\" src=\"https:\/\/www.exterstahl.com\/wp\/wp-content\/uploads\/jobs-bei-exterstahl-0566-1120x187.jpg\" alt=\"\" \/><\/figure>\n\n\n<div style=\"height:20px\" aria-hidden=\"true\" class=\"wp-block-spacer\"><\/div>\n\n\n\n<p>Zur Unterst\u00fctzung unserer Einkaufsabteilung am <strong>Standort Linz<\/strong> suchen wir zum ehestm\u00f6glichen Eintritt eine\/n<\/p>\n\n\n\n<h2 class=\"wp-block-heading\"><strong>Junior Mitarbeiter:in im Operativen Einkauf (m\/w\/d)<\/strong><\/h2>\n\n\n\n<p>Vollzeit (38,5 Wochenstunden)&nbsp;<\/p>\n\n\n\n<p><strong>Dein Aufgabengebiet<\/strong><\/p>\n\n\n\n<ul class=\"wp-block-list\">\n<li>operative Abwicklung des Einkaufsprozesses f\u00fcr Stahlcoils und Stahlbleche unter Ber\u00fccksichtigung technischer und wirtschaftlicher Vorgaben<\/li>\n\n\n\n<li>Dateneingabe und Datenpflege im Warenwirtschaftsprogramm<\/li>\n\n\n\n<li>Bestellverfolgung und Datenaufbereitung zur internen Kommunikation<\/li>\n\n\n\n<li>F\u00fchrung notwendiger Terminabstimmungsgespr\u00e4che mit Lieferanten<\/li>\n\n\n\n<li>unterst\u00fctzende Mitwirkung bei Reklamationen gegen\u00fcber Lieferanten<\/li>\n\n\n\n<li>unterst\u00fctzende Mitwirkung bei Vertragsgestaltung und Abwicklung von Akkreditiven<\/li>\n\n\n\n<li>Abstimmung und Zusammenarbeit mit den internen Fachabteilungen<\/li>\n<\/ul>\n\n\n\n<p><strong>Was bringst du mit?<\/strong><\/p>\n\n\n\n<ul class=\"wp-block-list\">\n<li>abgeschlossene technische oder kaufm\u00e4nnische Ausbildung (HAK, HTL oder vergleichbar)<\/li>\n\n\n\n<li>sehr gute Englischkenntnisse in Wort und Schrift<\/li>\n\n\n\n<li>sehr gute MS-Office Kenntnisse<\/li>\n\n\n\n<li>logisches Denken<\/li>\n\n\n\n<li>technische Affinit\u00e4t<\/li>\n\n\n\n<li>Verantwortungsbewusstsein und Teamf\u00e4higkeit<\/li>\n<\/ul>\n\n\n\n<p><strong>Was erwartet dich?<\/strong><\/p>\n\n\n\n<ul class=\"wp-block-list\">\n<li>ein sicherer Arbeitsplatz in einer zukunftsorientierten Branche<\/li>\n\n\n\n<li>M\u00f6glichkeit zur pers\u00f6nlichen und fachlichen Weiterentwicklung<\/li>\n\n\n\n<li>geregelte Arbeitszeiten<\/li>\n\n\n\n<li>ein wertsch\u00e4tzendes Arbeitsklima<\/li>\n\n\n\n<li>famili\u00e4res Team<\/li>\n\n\n\n<li>Teamevents<\/li>\n\n\n\n<li>ausgezeichnete Erreichbarkeit mit \u00f6ffentlichen Verkehrsmitteln<\/li>\n\n\n\n<li>erfolgsabh\u00e4ngiges Pr\u00e4mien- bzw. Bonussystem (nach absolvierter Einarbeitungszeit)<\/li>\n<\/ul>\n\n\n\n<p><strong>Das Mindestgehalt betr\u00e4gt f\u00fcr diese Position \u20ac 2.800 brutto pro Monat. Das tats\u00e4chliche Gehalt ist von der jeweiligen Qualifikation und Berufserfahrung abh\u00e4ngig. Das Gehalt wird 14-mal j\u00e4hrlich ausbezahlt.<\/strong><\/p>\n\n\n\n<p>Bitte sende deine aussagekr\u00e4ftigen Bewerbungsunterlagen an <a href=\"mailto:&#x70;&#x65;&#x72;&#x73;&#x6f;&#x6e;&#x61;&#x6c;&#x40;&#x65;&#x78;&#x74;&#x65;&#x72;&#x73;&#x74;&#x61;&#x68;&#x6c;&#x2e;&#x63;&#x6f;&#x6d;\">&#x70;&#x65;&#x72;&#x73;&#x6f;&#x6e;&#x61;&#x6c;&#x40;<span class=\"oe_displaynone\">null<\/span>&#x65;&#x78;&#x74;&#x65;&#x72;&#x73;&#x74;&#x61;&#x68;&#x6c;&#x2e;&#x63;&#x6f;&#x6d;<\/a><\/p>\n\n\n\n<ul class=\"wp-block-list\"><\/ul>\n\n\n\n<ul class=\"wp-block-list\"><\/ul>\n\n\n\n<div style=\"height:60px\" aria-hidden=\"true\" class=\"wp-block-spacer\"><\/div>\n\n\n\n<div style=\"height:20px\" aria-hidden=\"true\" class=\"wp-block-spacer\"><\/div>\n\n\n\n<div class=\"wp-block-columns has-2-columns is-layout-flex wp-container-core-columns-is-layout-9d6595d7 wp-block-columns-is-layout-flex\">\n<div class=\"wp-block-column is-layout-flow wp-block-column-is-layout-flow\"><\/div>\n\n\n\n<div class=\"wp-block-column is-layout-flow wp-block-column-is-layout-flow\"><\/div>\n<\/div>","protected":false},"excerpt":{"rendered":"<p>Wir suchen Mitarbeiter Zur Unterst\u00fctzung unserer Einkaufsabteilung am Standort Linz suchen wir zum ehestm\u00f6glichen Eintritt eine\/n Junior Mitarbeiter:in im Operativen Einkauf (m\/w\/d) Vollzeit (38,5 Wochenstunden)&nbsp; Dein Aufgabengebiet Was bringst du mit? Was erwartet dich? Das Mindestgehalt betr\u00e4gt f\u00fcr diese Position \u20ac 2.800 brutto pro Monat. Das tats\u00e4chliche Gehalt ist von der jeweiligen Qualifikation und Berufserfahrung [&hellip;]<\/p>\n","protected":false},"author":4,"featured_media":0,"parent":0,"menu_order":61,"comment_status":"closed","ping_status":"closed","template":"","meta":{"_coblocks_attr":"","_coblocks_dimensions":"","_coblocks_responsive_height":"","_coblocks_accordion_ie_support":"","footnotes":""},"class_list":["post-206","page","type-page","status-publish","hentry"],"_links":{"self":[{"href":"https:\/\/www.exterstahl.com\/de\/wp-json\/wp\/v2\/pages\/206","targetHints":{"allow":["GET"]}}],"collection":[{"href":"https:\/\/www.exterstahl.com\/de\/wp-json\/wp\/v2\/pages"}],"about":[{"href":"https:\/\/www.exterstahl.com\/de\/wp-json\/wp\/v2\/types\/page"}],"author":[{"embeddable":true,"href":"https:\/\/www.exterstahl.com\/de\/wp-json\/wp\/v2\/users\/4"}],"replies":[{"embeddable":true,"href":"https:\/\/www.exterstahl.com\/de\/wp-json\/wp\/v2\/comments?post=206"}],"version-history":[{"count":10,"href":"https:\/\/www.exterstahl.com\/de\/wp-json\/wp\/v2\/pages\/206\/revisions"}],"predecessor-version":[{"id":1993,"href":"https:\/\/www.exterstahl.com\/de\/wp-json\/wp\/v2\/pages\/206\/revisions\/1993"}],"wp:attachment":[{"href":"https:\/\/www.exterstahl.com\/de\/wp-json\/wp\/v2\/media?parent=206"}],"curies":[{"name":"wp","href":"https:\/\/api.w.org\/{rel}","templated":true}]}}