











{"id":1641,"date":"2019-11-11T11:32:10","date_gmt":"2019-11-11T10:32:10","guid":{"rendered":"https:\/\/www.exterstahl.com\/?page_id=1641"},"modified":"2019-11-11T11:46:28","modified_gmt":"2019-11-11T10:46:28","slug":"exterstahl-relax","status":"publish","type":"page","link":"https:\/\/www.exterstahl.com\/hr\/proizvodi\/exterstahl-relax\/","title":{"rendered":"Exterstahl RELAX"},"content":{"rendered":"<h1 class=\"wp-block-heading\">Exterstahl RELAX \u2013 unaprje\u0111enje Va\u0161e produktivnosti<\/h1>\n\n\n\n<figure class=\"wp-block-image\"><img loading=\"lazy\" decoding=\"async\" width=\"1120\" height=\"424\" src=\"https:\/\/www.exterstahl.com\/wp\/wp-content\/uploads\/exterstahl-laser-relax-2-1120x424.jpg\" alt=\"\" class=\"wp-image-100\"\/><\/figure>\n\n\n\n<p><strong>Exterstahl Relax \u010deli\u010dni limovi posebno su razvijeni za obradu na najsuvremenijim laserskim ure\u0111ajima<\/strong>&nbsp;i izvrsni su za kori\u0161tenje pri radu bez operatera. Optimirani su za visoke performanse u automatiziranoj proizvodnji. <\/p>\n\n\n\n<ul class=\"wp-block-list\"><li>Skra\u0107eno vrijeme proizvodnje<\/li><li>Izvrsna prikladnost za lasersko\nrezanje<\/li><li>Manja potreba dodatne obrade\nizrezanih dijelova <\/li><li>Ravnomjerna tekstura povr\u0161ine i\nunutra\u0161njosti <\/li><li>Vrlo ograni\u010dene tolerancije\nravnosti povr\u0161ine<\/li><\/ul>\n\n\n\n<p><strong>Exterstahlova kvaliteta laserskog rezanja <\/strong><br \/>Odstupanja u ravnosti ograni\u010dena su na manje od 1\/3 uobi\u010dajenog odstupanja u skladu s EN 10051.<br \/>Odstupanja \u0161irine rezanih rubova ograni\u010dena su na najvi\u0161e 1\/3 dopu\u0161tenih odstupanja u skladu s EN 10051.<br \/>Odstupanja du\u017eine smanjenja su na najvi\u0161e \u00bd vrijednosti u skladu s EN 10051.<br \/>Pravokutnost limova zna\u010dajno je pobolj\u0161ana \u2013 \u00bd vrijednosti u skladu s EN 10051.<\/p>\n\n\n\n<p><strong>Odabrana i kontrolirana vrhunska kvaliteta<\/strong><br \/>za nesmetano rezanje i najbolje rezultate:<br \/>Na\u0161e kontrole kvalitete tijekom cijelog proizvodnog procesa od zaprimanja kolutova pa sve do isporuke limova osigurava da na\u0161i \u010deli\u010dni limovi Exterstahl Relax zadovoljavaju visoke zahtjeve laserske obrade.<br \/>Ve\u0107 prilikom odabira polaznog materijala u obzir se uzimaju samo provjereni proizvo\u0111a\u010di prema specifi\u010dnim postupcima odobravanja kvalitete i dimenzija.<br \/>Obra\u0111uju se isklju\u010divo kolutovi s inspekcijskim atestom 3.1 i odgovaraju\u0107im tvorni\u010dkim certifikatima.<br \/>Limovi se posebno razvijenim postupkom pozicioniraju bez naprezanja tako da prilikom rezanja ne dolazi do iskrivljavanja.<br \/>Smanjena brzina tijekom ovog proizvodnog procesa dopu\u0161ta proizvodnju limova najvi\u0161e kvalitete. <\/p>\n\n\n\n<p><strong>Povr\u0161ine<\/strong><br \/>Na\u0161i \u010deli\u010dni limovi Exterstahl Relax u odre\u0111enim se klasama mogu cin\u010dati.<br \/>Odaberite optimalnu povr\u0161inu kako bi lasersko postrojenje odr\u017eavali \u010distim i u besprijekornom tehni\u010dkom stanju. <\/p>\n\n\n\n<p><strong>\u2022 Relax<\/strong>  povr\u0161ina s malo ogorine <br \/><strong>\u2022 Relax brushed<\/strong> \u2013 povr\u0161ina bez rasute ogorine <br \/>Rasuta ogorina mehani\u010dki se uklanja pomo\u0107u karbidnih \u010detki te se potom usisava. Time za\u0161titni mikro sloj ogorine u cijelosti ostaje o\u010duvan. <br \/><strong>\u2022 Relax brushed &amp; oiled<\/strong> \u2013  Nakon uklanjanja rasute ogorine na povr\u0161inu se nanosi uljni premaz <br \/><strong>\u2022 Relax pickled<\/strong> \u2013  u cijelosti bez ogorine <\/p>\n\n\n\n<p><a href=\"https:\/\/www.exterstahl.com\/wp\/wp-content\/uploads\/Exterstahl_Relax-folder-engl.pdf\">Ovdje preuzmite mapu o na\u0161im RELAX limovima.<\/a><\/p>\n\n\n\n<figure class=\"wp-block-image is-resized\"><a href=\"https:\/\/www.exterstahl.com\/wp\/wp-content\/uploads\/Exterstahl_Relax-folder-engl.pdf\"><img loading=\"lazy\" decoding=\"async\" src=\"https:\/\/www.exterstahl.com\/wp\/wp-content\/uploads\/Exterstahl_Relax-folder-cover-engl.jpg\" alt=\"\" class=\"wp-image-1609\" width=\"149\" height=\"211\"\/><\/a><\/figure>\n\n\n\n<div class=\"wp-block-file\"><a href=\"https:\/\/www.exterstahl.com\/wp\/wp-content\/uploads\/Exterstahl_Relax-folder-engl.pdf\">Exterstahl_Relax-folder-engl<\/a><a href=\"https:\/\/www.exterstahl.com\/wp\/wp-content\/uploads\/Exterstahl_Relax-folder-engl.pdf\" class=\"wp-block-file__button\" download>Preuzmi<\/a><\/div>","protected":false},"excerpt":{"rendered":"<p>Exterstahl RELAX \u2013 unaprje\u0111enje Va\u0161e produktivnosti Exterstahl Relax \u010deli\u010dni limovi posebno su razvijeni za obradu na najsuvremenijim laserskim ure\u0111ajima&nbsp;i izvrsni su za kori\u0161tenje pri radu bez operatera. Optimirani su za visoke performanse u automatiziranoj proizvodnji. Skra\u0107eno vrijeme proizvodnje Izvrsna prikladnost za lasersko rezanje Manja potreba dodatne obrade izrezanih dijelova Ravnomjerna tekstura povr\u0161ine i unutra\u0161njosti Vrlo [&hellip;]<\/p>\n","protected":false},"author":4,"featured_media":0,"parent":1659,"menu_order":28,"comment_status":"closed","ping_status":"closed","template":"","meta":{"_coblocks_attr":"","_coblocks_dimensions":"","_coblocks_responsive_height":"","_coblocks_accordion_ie_support":"","footnotes":""},"class_list":["post-1641","page","type-page","status-publish","hentry"],"_links":{"self":[{"href":"https:\/\/www.exterstahl.com\/hr\/wp-json\/wp\/v2\/pages\/1641","targetHints":{"allow":["GET"]}}],"collection":[{"href":"https:\/\/www.exterstahl.com\/hr\/wp-json\/wp\/v2\/pages"}],"about":[{"href":"https:\/\/www.exterstahl.com\/hr\/wp-json\/wp\/v2\/types\/page"}],"author":[{"embeddable":true,"href":"https:\/\/www.exterstahl.com\/hr\/wp-json\/wp\/v2\/users\/4"}],"replies":[{"embeddable":true,"href":"https:\/\/www.exterstahl.com\/hr\/wp-json\/wp\/v2\/comments?post=1641"}],"version-history":[{"count":5,"href":"https:\/\/www.exterstahl.com\/hr\/wp-json\/wp\/v2\/pages\/1641\/revisions"}],"predecessor-version":[{"id":1648,"href":"https:\/\/www.exterstahl.com\/hr\/wp-json\/wp\/v2\/pages\/1641\/revisions\/1648"}],"up":[{"embeddable":true,"href":"https:\/\/www.exterstahl.com\/hr\/wp-json\/wp\/v2\/pages\/1659"}],"wp:attachment":[{"href":"https:\/\/www.exterstahl.com\/hr\/wp-json\/wp\/v2\/media?parent=1641"}],"curies":[{"name":"wp","href":"https:\/\/api.w.org\/{rel}","templated":true}]}}