











{"id":1656,"date":"2019-11-11T12:28:31","date_gmt":"2019-11-11T11:28:31","guid":{"rendered":"https:\/\/www.exterstahl.com\/?page_id=1656"},"modified":"2019-11-11T12:28:33","modified_gmt":"2019-11-11T11:28:33","slug":"obrada","status":"publish","type":"page","link":"https:\/\/www.exterstahl.com\/hr\/proizvodi\/obrada\/","title":{"rendered":"Obrada"},"content":{"rendered":"<h1 class=\"wp-block-heading\">Obrada<\/h1>\n\n\n\n<p>Na\u0161e mogu\u0107nosti obrade obuhva\u0107aju:<\/p>\n\n\n\n<ul class=\"wp-block-list\"><li>plinsko rezanje<\/li><li>rezanje plazmom<\/li><li>sa\u010dmarenje<\/li><\/ul>\n\n\n\n<h2 class=\"wp-block-heading\">Plinsko rezanje\/rezanje plazmom<\/h2>\n\n\n\n<table class=\"wp-block-table\"><tbody><tr><td><strong>Postrojenje za rezanje<\/strong><\/td><td><strong>Plazma<\/strong><\/td><td><strong>Plinsko rezanje<\/strong><\/td><td><strong>Bu\u0161enje<\/strong><\/td><\/tr><tr><td><strong>Jedinice<\/strong><\/td><td>1 + 1 (3D)<\/td><td>4<\/td><td>1<\/td><\/tr><tr><td><strong>Veli\u010dina stola (m)<\/strong><\/td><td>4 x 28<\/td><td>4 x 28<\/td><td>4 x 28<\/td><\/tr><tr><td><strong>Debljina<\/strong><\/td><td>4 &#8211; 50<\/td><td>10 &#8211; 250<\/td><td>max. 32mm<\/td><\/tr><tr><td><strong>Tip rezanja<\/strong><\/td><td>ravno, V, Y, X, K<\/td><td><\/td><td><\/td><\/tr><\/tbody><\/table>\n\n\n\n<h2 class=\"wp-block-heading\">Sa\u010dmarenje<\/h2>\n\n\n\n<p>Najve\u0107a \u0161irina: 3200 mm, visina: 600 mm<\/p>","protected":false},"excerpt":{"rendered":"<p>Obrada Na\u0161e mogu\u0107nosti obrade obuhva\u0107aju: plinsko rezanje rezanje plazmom sa\u010dmarenje Plinsko rezanje\/rezanje plazmom Postrojenje za rezanje Plazma Plinsko rezanje Bu\u0161enje Jedinice 1 + 1 (3D) 4 1 Veli\u010dina stola (m) 4 x 28 4 x 28 4 x 28 Debljina 4 &#8211; 50 10 &#8211; 250 max. 32mm Tip rezanja ravno, V, Y, X, K [&hellip;]<\/p>\n","protected":false},"author":4,"featured_media":0,"parent":1659,"menu_order":45,"comment_status":"closed","ping_status":"closed","template":"","meta":{"_coblocks_attr":"","_coblocks_dimensions":"","_coblocks_responsive_height":"","_coblocks_accordion_ie_support":"","footnotes":""},"class_list":["post-1656","page","type-page","status-publish","hentry"],"_links":{"self":[{"href":"https:\/\/www.exterstahl.com\/hr\/wp-json\/wp\/v2\/pages\/1656","targetHints":{"allow":["GET"]}}],"collection":[{"href":"https:\/\/www.exterstahl.com\/hr\/wp-json\/wp\/v2\/pages"}],"about":[{"href":"https:\/\/www.exterstahl.com\/hr\/wp-json\/wp\/v2\/types\/page"}],"author":[{"embeddable":true,"href":"https:\/\/www.exterstahl.com\/hr\/wp-json\/wp\/v2\/users\/4"}],"replies":[{"embeddable":true,"href":"https:\/\/www.exterstahl.com\/hr\/wp-json\/wp\/v2\/comments?post=1656"}],"version-history":[{"count":2,"href":"https:\/\/www.exterstahl.com\/hr\/wp-json\/wp\/v2\/pages\/1656\/revisions"}],"predecessor-version":[{"id":1658,"href":"https:\/\/www.exterstahl.com\/hr\/wp-json\/wp\/v2\/pages\/1656\/revisions\/1658"}],"up":[{"embeddable":true,"href":"https:\/\/www.exterstahl.com\/hr\/wp-json\/wp\/v2\/pages\/1659"}],"wp:attachment":[{"href":"https:\/\/www.exterstahl.com\/hr\/wp-json\/wp\/v2\/media?parent=1656"}],"curies":[{"name":"wp","href":"https:\/\/api.w.org\/{rel}","templated":true}]}}