











{"id":1676,"date":"2019-11-11T16:04:58","date_gmt":"2019-11-11T15:04:58","guid":{"rendered":"https:\/\/www.exterstahl.com\/?page_id=1676"},"modified":"2019-11-11T16:05:00","modified_gmt":"2019-11-11T15:05:00","slug":"jobs","status":"publish","type":"page","link":"https:\/\/www.exterstahl.com\/hr\/jobs\/","title":{"rendered":"Jobs"},"content":{"rendered":"<h1 class=\"wp-block-heading\">Tra\u017eimo zaposlenike<\/h1>\n\n\n\n<h2 class=\"wp-block-heading\">Operater\ndizalice (m\/\u017e)\u2028 za utovar kamiona<\/h2>\n\n\n\n<p>Lokacija Krems<br \/><strong>Va\u0161i zadaci:<\/strong><br \/>Skladi\u0161tenje i utovar \u010deli\u010dnih limova na kamion.<br \/><strong>Va\u0161e kvalifikacije:<\/strong><br \/> \u2022 dozvola za operatera dizalice do 30 KN<br \/> \u2022 timski rad, pouzdanost, preciznost, samoinicijativa, spremnost za u\u010denje<br \/> \u2022 radno iskustvo je prednost<br \/><strong>Na\u0161a ponuda:<\/strong><br \/> \u2022 zaposlenje na puno radno vrijeme s 38,5h (uvijek pod krovom)<br \/> \u2022 dobra radna klima\u2022 odgovoran posao u sna\u017eno rastu\u0107em, me\u0111unarodnom poduze\u0107u <br \/> Od ca. 2.200,\u2013 eura mjese\u010dno bruto, ovisno o radnom iskustvu i kvalifikaciji mogu\u0107a je i znatno ve\u0107a pla\u0107a.<br \/> Po\u0161aljite svoju prijavu uklju\u010duju\u0107i \u017eivotopis, motivacijsko pismo, fotografiju i sve relevantne svjedod\u017ebe\/potvrde na adresu<br \/><a href=\"mailto:&#x70;&#x65;&#x72;&#x73;&#x6f;&#x6e;&#x61;&#x6c;&#x40;&#x65;&#x78;&#x74;&#x65;&#x72;&#x73;&#x74;&#x61;&#x68;&#x6c;&#x2e;&#x63;&#x6f;&#x6d;\">&#x70;&#x65;&#x72;&#x73;&#x6f;&#x6e;&#x61;&#x6c;&#x40;<span class=\"oe_displaynone\">null<\/span>&#x65;&#x78;&#x74;&#x65;&#x72;&#x73;&#x74;&#x61;&#x68;&#x6c;&#x2e;&#x63;&#x6f;&#x6d;<\/a><\/p>\n\n\n\n<h2 class=\"wp-block-heading\">Kvalificirani radnik (m\/\u017e) za proizvodnju<\/h2>\n\n\n\n<p>Lokacija Krems<br \/><strong>Va\u0161i zadaci:<\/strong><br \/>Pakiranje i skladi\u0161tenje \u010deli\u010dnih limova.<br \/><strong>Va\u0161e kvalifikacije:<br \/> <\/strong>\u2022 timski rad, pouzdanost, preciznost, samoinicijativa, spremnost za u\u010denje<br \/> \u2022 radno iskustvo je prednost<br \/><strong>Na\u0161a ponuda:<\/strong><br \/> \u2022 zaposlenje na puno radno vrijeme s 38,5h (uvijek pod krovom)<br \/> \u2022 dobra radna klima\u2022 odgovoran posao u sna\u017eno rastu\u0107em, me\u0111unarodnom poduze\u0107u <br \/> Od ca. 2.200,\u2013 eura mjese\u010dno bruto, ovisno o radnom iskustvu i kvalifikaciji mogu\u0107a je i znatno ve\u0107a pla\u0107a.<br \/> Po\u0161aljite svoju prijavu uklju\u010duju\u0107i \u017eivotopis, motivacijsko pismo, fotografiju i sve relevantne svjedod\u017ebe\/potvrde na adresu<br \/><a href=\"mailto:&#x70;&#x65;&#x72;&#x73;&#x6f;&#x6e;&#x61;&#x6c;&#x40;&#x65;&#x78;&#x74;&#x65;&#x72;&#x73;&#x74;&#x61;&#x68;&#x6c;&#x2e;&#x63;&#x6f;&#x6d;\">&#x70;&#x65;&#x72;&#x73;&#x6f;&#x6e;&#x61;&#x6c;&#x40;<span class=\"oe_displaynone\">null<\/span>&#x65;&#x78;&#x74;&#x65;&#x72;&#x73;&#x74;&#x61;&#x68;&#x6c;&#x2e;&#x63;&#x6f;&#x6d;<\/a><\/p>","protected":false},"excerpt":{"rendered":"<p>Tra\u017eimo zaposlenike Operater dizalice (m\/\u017e)\u2028 za utovar kamiona Lokacija KremsVa\u0161i zadaci:Skladi\u0161tenje i utovar \u010deli\u010dnih limova na kamion.Va\u0161e kvalifikacije: \u2022 dozvola za operatera dizalice do 30 KN \u2022 timski rad, pouzdanost, preciznost, samoinicijativa, spremnost za u\u010denje \u2022 radno iskustvo je prednostNa\u0161a ponuda: \u2022 zaposlenje na puno radno vrijeme s 38,5h (uvijek pod krovom) \u2022 dobra radna [&hellip;]<\/p>\n","protected":false},"author":4,"featured_media":0,"parent":0,"menu_order":61,"comment_status":"closed","ping_status":"closed","template":"","meta":{"_coblocks_attr":"","_coblocks_dimensions":"","_coblocks_responsive_height":"","_coblocks_accordion_ie_support":"","footnotes":""},"class_list":["post-1676","page","type-page","status-publish","hentry"],"_links":{"self":[{"href":"https:\/\/www.exterstahl.com\/hr\/wp-json\/wp\/v2\/pages\/1676","targetHints":{"allow":["GET"]}}],"collection":[{"href":"https:\/\/www.exterstahl.com\/hr\/wp-json\/wp\/v2\/pages"}],"about":[{"href":"https:\/\/www.exterstahl.com\/hr\/wp-json\/wp\/v2\/types\/page"}],"author":[{"embeddable":true,"href":"https:\/\/www.exterstahl.com\/hr\/wp-json\/wp\/v2\/users\/4"}],"replies":[{"embeddable":true,"href":"https:\/\/www.exterstahl.com\/hr\/wp-json\/wp\/v2\/comments?post=1676"}],"version-history":[{"count":1,"href":"https:\/\/www.exterstahl.com\/hr\/wp-json\/wp\/v2\/pages\/1676\/revisions"}],"predecessor-version":[{"id":1677,"href":"https:\/\/www.exterstahl.com\/hr\/wp-json\/wp\/v2\/pages\/1676\/revisions\/1677"}],"wp:attachment":[{"href":"https:\/\/www.exterstahl.com\/hr\/wp-json\/wp\/v2\/media?parent=1676"}],"curies":[{"name":"wp","href":"https:\/\/api.w.org\/{rel}","templated":true}]}}